{"id":406,"date":"2016-09-27T09:51:22","date_gmt":"2016-09-27T09:51:22","guid":{"rendered":"http:\/\/fitness2.mythemecloud.io\/?page_id=406"},"modified":"2020-01-15T15:51:16","modified_gmt":"2020-01-15T14:51:16","slug":"aboutus","status":"publish","type":"page","link":"https:\/\/naturahorses.com\/de\/aboutus\/","title":{"rendered":"\u00dcber Uns"},"content":{"rendered":"\t\t<div data-elementor-type=\"wp-post\" data-elementor-id=\"406\" class=\"elementor elementor-406\">\n\t\t\t\t\t\t<div class=\"elementor-inner\">\n\t\t\t\t<div class=\"elementor-section-wrap\">\n\t\t\t\t\t\t\t\t\t<section class=\"elementor-section elementor-top-section elementor-element elementor-element-ybrx6zd elementor-section-content-middle elementor-section-boxed elementor-section-height-default elementor-section-height-default\" data-id=\"ybrx6zd\" data-element_type=\"section\">\n\t\t\t\t\t\t<div class=\"elementor-container elementor-column-gap-default\">\n\t\t\t\t\t\t\t<div class=\"elementor-row\">\n\t\t\t\t\t<div class=\"elementor-column elementor-col-50 elementor-top-column elementor-element elementor-element-nm7wyr2\" data-id=\"nm7wyr2\" data-element_type=\"column\">\n\t\t\t<div class=\"elementor-column-wrap elementor-element-populated\">\n\t\t\t\t\t\t\t<div class=\"elementor-widget-wrap\">\n\t\t\t\t\t\t<div class=\"elementor-element elementor-element-shc2be8 elementor-widget elementor-widget-image\" data-id=\"shc2be8\" data-element_type=\"widget\" data-widget_type=\"image.default\">\n\t\t\t\t<div class=\"elementor-widget-container\">\n\t\t\t\t\t\t\t\t<div class=\"elementor-image\">\n\t\t\t\t\t\t\t\t\t\t\t\t<img loading=\"lazy\" decoding=\"async\" data-attachment-id=\"836\" data-permalink=\"https:\/\/naturahorses.com\/de\/untitled-11\/\" data-orig-file=\"https:\/\/naturahorses.com\/wp-content\/uploads\/2018\/06\/Untitled-11.jpg\" data-orig-size=\"1280,1024\" data-comments-opened=\"1\" data-image-meta=\"{&quot;aperture&quot;:&quot;0&quot;,&quot;credit&quot;:&quot;&quot;,&quot;camera&quot;:&quot;&quot;,&quot;caption&quot;:&quot;&quot;,&quot;created_timestamp&quot;:&quot;0&quot;,&quot;copyright&quot;:&quot;&quot;,&quot;focal_length&quot;:&quot;0&quot;,&quot;iso&quot;:&quot;0&quot;,&quot;shutter_speed&quot;:&quot;0&quot;,&quot;title&quot;:&quot;&quot;,&quot;orientation&quot;:&quot;1&quot;}\" data-image-title=\"cookie and me\" data-image-description=\"\" data-image-caption=\"\" data-medium-file=\"https:\/\/naturahorses.com\/wp-content\/uploads\/2018\/06\/Untitled-11-300x240.jpg\" data-large-file=\"https:\/\/naturahorses.com\/wp-content\/uploads\/2018\/06\/Untitled-11-1024x819.jpg\" width=\"1280\" height=\"1024\" src=\"https:\/\/naturahorses.com\/wp-content\/uploads\/2018\/06\/Untitled-11.jpg\" class=\"attachment-full size-full wp-image-836\" alt=\"\" srcset=\"https:\/\/naturahorses.com\/wp-content\/uploads\/2018\/06\/Untitled-11.jpg 1280w, https:\/\/naturahorses.com\/wp-content\/uploads\/2018\/06\/Untitled-11-300x240.jpg 300w, https:\/\/naturahorses.com\/wp-content\/uploads\/2018\/06\/Untitled-11-768x614.jpg 768w, https:\/\/naturahorses.com\/wp-content\/uploads\/2018\/06\/Untitled-11-1024x819.jpg 1024w\" sizes=\"auto, (max-width: 1280px) 100vw, 1280px\" data-attachment-id=\"836\" data-permalink=\"https:\/\/naturahorses.com\/de\/untitled-11\/\" data-orig-file=\"https:\/\/naturahorses.com\/wp-content\/uploads\/2018\/06\/Untitled-11.jpg\" data-orig-size=\"1280,1024\" data-comments-opened=\"1\" data-image-meta=\"{&quot;aperture&quot;:&quot;0&quot;,&quot;credit&quot;:&quot;&quot;,&quot;camera&quot;:&quot;&quot;,&quot;caption&quot;:&quot;&quot;,&quot;created_timestamp&quot;:&quot;0&quot;,&quot;copyright&quot;:&quot;&quot;,&quot;focal_length&quot;:&quot;0&quot;,&quot;iso&quot;:&quot;0&quot;,&quot;shutter_speed&quot;:&quot;0&quot;,&quot;title&quot;:&quot;&quot;,&quot;orientation&quot;:&quot;1&quot;}\" data-image-title=\"cookie and me\" data-image-description=\"\" data-image-caption=\"\" data-medium-file=\"https:\/\/naturahorses.com\/wp-content\/uploads\/2018\/06\/Untitled-11-300x240.jpg\" data-large-file=\"https:\/\/naturahorses.com\/wp-content\/uploads\/2018\/06\/Untitled-11-1024x819.jpg\" \/>\t\t\t\t\t\t\t\t\t\t\t\t\t\t<\/div>\n\t\t\t\t\t\t<\/div>\n\t\t\t\t<\/div>\n\t\t\t\t\t\t<\/div>\n\t\t\t\t\t<\/div>\n\t\t<\/div>\n\t\t\t\t<div class=\"elementor-column elementor-col-50 elementor-top-column elementor-element elementor-element-r7gqrhq\" data-id=\"r7gqrhq\" data-element_type=\"column\">\n\t\t\t<div class=\"elementor-column-wrap elementor-element-populated\">\n\t\t\t\t\t\t\t<div class=\"elementor-widget-wrap\">\n\t\t\t\t\t\t<div class=\"elementor-element elementor-element-a3c6726 elementor-widget elementor-widget-text-editor\" data-id=\"a3c6726\" data-element_type=\"widget\" data-widget_type=\"text-editor.default\">\n\t\t\t\t<div class=\"elementor-widget-container\">\n\t\t\t\t\t\t\t\t<div class=\"elementor-text-editor elementor-clearfix\">\n\t\t\t\t<p><\/p><p>Hallo! Ich bin Joana Junkermann.<\/p><p>Ich bin seit meinem dritten Lebensjahr in Kontakt mit Pferden und wann immer sich die Chance ergab versuchte ich in ihrer N\u00e4he zu sein. Sp\u00e4ter vertiefte ich mein Wissen \u00fcbers\u00a0 Pferd und \u00fcbers Reiten durch Praktiken, Reitstunden und durchs Arbeiten in einigen Reitzentren in Portugal und Deutschland.<\/p><p>Die Absicht war nie, nach den Wettk\u00e4mpfen oder den spezifischen Modalit\u00e4ten des Reitens Ausschau zu halten, sondern einen sehr entspannten und angenehmen Kontakt mit dem Pferd zu haben im Rahmen von Spazierg\u00e4ngen\/Ausritten im Freien oder einige spielerischere \u00dcbungen auf dem Reitplatz.<\/p><p>Jetzt habe ich mich der Herausforderung gestellt, ein eigenes Projekt mit 7 Pferden zu kreieren, die alle aus weniger w\u00fcrdevollen Situationen stammen und ihr neues ruhiges Leben geniessen.<\/p>\t\t\t\t\t<\/div>\n\t\t\t\t\t\t<\/div>\n\t\t\t\t<\/div>\n\t\t\t\t\t\t<\/div>\n\t\t\t\t\t<\/div>\n\t\t<\/div>\n\t\t\t\t\t\t\t\t<\/div>\n\t\t\t\t\t<\/div>\n\t\t<\/section>\n\t\t\t\t<section class=\"elementor-section elementor-top-section elementor-element elementor-element-6c4359c6 elementor-section-content-middle elementor-section-boxed elementor-section-height-default elementor-section-height-default\" data-id=\"6c4359c6\" data-element_type=\"section\">\n\t\t\t\t\t\t<div class=\"elementor-container elementor-column-gap-no\">\n\t\t\t\t\t\t\t<div class=\"elementor-row\">\n\t\t\t\t\t<div class=\"elementor-column elementor-col-100 elementor-top-column elementor-element elementor-element-6969ad67\" data-id=\"6969ad67\" data-element_type=\"column\">\n\t\t\t<div class=\"elementor-column-wrap elementor-element-populated\">\n\t\t\t\t\t\t\t<div class=\"elementor-widget-wrap\">\n\t\t\t\t\t\t<div class=\"elementor-element elementor-element-ua4lgrm elementor-widget elementor-widget-heading\" data-id=\"ua4lgrm\" data-element_type=\"widget\" data-widget_type=\"heading.default\">\n\t\t\t\t<div class=\"elementor-widget-container\">\n\t\t\t<h2 class=\"elementor-heading-title elementor-size-default\"><a href=\"http:\/\/naturahorse.pt\/the-concept\/\">\u00dcber Uns<\/a><\/h2>\t\t<\/div>\n\t\t\t\t<\/div>\n\t\t\t\t<div class=\"elementor-element elementor-element-6238717d elementor-widget elementor-widget-toggle\" data-id=\"6238717d\" data-element_type=\"widget\" data-widget_type=\"toggle.default\">\n\t\t\t\t<div class=\"elementor-widget-container\">\n\t\t\t\t\t<div class=\"elementor-toggle\" role=\"tablist\">\n\t\t\t\t\t\t\t<div class=\"elementor-toggle-item\">\n\t\t\t\t\t<div id=\"elementor-tab-title-1641\" class=\"elementor-tab-title\" data-tab=\"1\" role=\"tab\" aria-controls=\"elementor-tab-content-1641\" aria-expanded=\"false\">\n\t\t\t\t\t\t\t\t\t\t\t\t<span class=\"elementor-toggle-icon elementor-toggle-icon-right\" aria-hidden=\"true\">\n\t\t\t\t\t\t\t\t\t\t\t\t\t\t\t<span class=\"elementor-toggle-icon-closed\"><i class=\"fas fa-caret-right\"><\/i><\/span>\n\t\t\t\t\t\t\t\t<span class=\"elementor-toggle-icon-opened\"><i class=\"elementor-toggle-icon-opened fas fa-caret-up\"><\/i><\/span>\n\t\t\t\t\t\t\t\t\t\t\t\t\t<\/span>\n\t\t\t\t\t\t\t\t\t\t\t\t<a href=\"\" class=\"elementor-toggle-title\">Das Konzept<\/a>\n\t\t\t\t\t<\/div>\n\n\t\t\t\t\t<div id=\"elementor-tab-content-1641\" class=\"elementor-tab-content elementor-clearfix\" data-tab=\"1\" role=\"tabpanel\" aria-labelledby=\"elementor-tab-title-1641\"><p class=\"font_7\"><span class=\"color_14\"><\/span>Der Umgang mit den Pferden folgt der p\u00e4dagogischen Linie des &#8222;Natural Horsesmanship&#8220;, die klare und ruhige Kommunikation sucht und den Pferden eine enspanntere und bessere Wahrnehmung dessen erm\u00f6glicht, was von ihnen erwartet wird.<\/p><p>Es steht im Gegensatz zu einem traditionelleren Konzept, bei dem die Philosophie darin besteht, den Willen des Tieres zu &#8222;brechen&#8220; und es zu einer Art Arbeitsmaschine zu machen.<\/p><p>Es basiert im Wesentlichen darauf, das nat\u00fcrliche Verhalten dieser Tiere zu beobachten, um dadurch zu lernen.<\/p><p>In der Natur haben Pferde Hierarchien, definierte Grenzen und offensichtliche Gesten zur Kommunikation etabliert, wir Menschen erwarten oft von dem Tier, das es weiss was erwartet wird, aber zuerst und als Hauptgrundlage muss eine gegenseitige Verst\u00e4ndigung gelten.<\/p><p>Bei der Arbeit mit Pferden ist es daher wichtig, diese Basis der Kommunikation zu schaffen wie auch Ihre Bem\u00fchungen zu belohnen und die inh\u00e4rente Pers\u00f6nlichkeit jedes Einzelnen zu respektieren.<span class=\"color_14\"><\/span><\/p><p>\u00a0<\/p><\/div>\n\t\t\t\t<\/div>\n\t\t\t\t\t\t\t\t<\/div>\n\t\t\t\t<\/div>\n\t\t\t\t<\/div>\n\t\t\t\t<div class=\"elementor-element elementor-element-7d958ef5 elementor-widget elementor-widget-toggle\" data-id=\"7d958ef5\" data-element_type=\"widget\" data-widget_type=\"toggle.default\">\n\t\t\t\t<div class=\"elementor-widget-container\">\n\t\t\t\t\t<div class=\"elementor-toggle\" role=\"tablist\">\n\t\t\t\t\t\t\t<div class=\"elementor-toggle-item\">\n\t\t\t\t\t<div id=\"elementor-tab-title-2101\" class=\"elementor-tab-title\" data-tab=\"1\" role=\"tab\" aria-controls=\"elementor-tab-content-2101\" aria-expanded=\"false\">\n\t\t\t\t\t\t\t\t\t\t\t\t<span class=\"elementor-toggle-icon elementor-toggle-icon-right\" aria-hidden=\"true\">\n\t\t\t\t\t\t\t\t\t\t\t\t\t\t\t<span class=\"elementor-toggle-icon-closed\"><i class=\"fas fa-caret-right\"><\/i><\/span>\n\t\t\t\t\t\t\t\t<span class=\"elementor-toggle-icon-opened\"><i class=\"elementor-toggle-icon-opened fas fa-caret-up\"><\/i><\/span>\n\t\t\t\t\t\t\t\t\t\t\t\t\t<\/span>\n\t\t\t\t\t\t\t\t\t\t\t\t<a href=\"\" class=\"elementor-toggle-title\">Ort<\/a>\n\t\t\t\t\t<\/div>\n\n\t\t\t\t\t<div id=\"elementor-tab-content-2101\" class=\"elementor-tab-content elementor-clearfix\" data-tab=\"1\" role=\"tabpanel\" aria-labelledby=\"elementor-tab-title-2101\"><p><\/p><p>Wir sind auf der Quinta da Samoqueirinha, einer l\u00e4ndlichen Tourismus Anlage mit 22 Hektar zwischen Vila Nova de Milfontes und S\u00e3o Lu\u00eds, umgeben von einer wundersch\u00f6nen Landschaft zwischen den Bergen und dem Fluss im Herzen des Naturparks von der S\u00fcdwest-Alentejo und Vicentina K\u00fcste.<\/p><p>Zus\u00e4tzlich zu den Pferden hat diese Anlage auch einen Streichelzoo mit vielen Tieren. Ausserdem verf\u00fcgt der Ort \u00fcber 9 Zimmer und ein Appartment.<\/p><p>Die Farm bietet viel Platz f\u00fcr die Pferde, die ihre Freizeit auf der Weide in der Herde verbringen k\u00f6nnen.<\/p><p>Bis nach Vila Nova de Milfontes sind es 9 km (20 Minuten mit dem Auto), wo Sie sch\u00f6ne Str\u00e4nde, lokale K\u00fcche und viele andere Aktivit\u00e4ten zu erkunden haben.<\/p><p>Die Aktivit\u00e4ten werden in dieser Gegend realisiert und mann kann die lokale Flora und die rustikalen Landschaften des Alentejo erkunden.<\/p><\/div>\n\t\t\t\t<\/div>\n\t\t\t\t\t\t\t\t<\/div>\n\t\t\t\t<\/div>\n\t\t\t\t<\/div>\n\t\t\t\t<div class=\"elementor-element elementor-element-24a593e7 elementor-widget elementor-widget-toggle\" data-id=\"24a593e7\" data-element_type=\"widget\" data-widget_type=\"toggle.default\">\n\t\t\t\t<div class=\"elementor-widget-container\">\n\t\t\t\t\t<div class=\"elementor-toggle\" role=\"tablist\">\n\t\t\t\t\t\t\t<div class=\"elementor-toggle-item\">\n\t\t\t\t\t<div id=\"elementor-tab-title-6141\" class=\"elementor-tab-title\" data-tab=\"1\" role=\"tab\" aria-controls=\"elementor-tab-content-6141\" aria-expanded=\"false\">\n\t\t\t\t\t\t\t\t\t\t\t\t<span class=\"elementor-toggle-icon elementor-toggle-icon-right\" aria-hidden=\"true\">\n\t\t\t\t\t\t\t\t\t\t\t\t\t\t\t<span class=\"elementor-toggle-icon-closed\"><i class=\"fas fa-caret-right\"><\/i><\/span>\n\t\t\t\t\t\t\t\t<span class=\"elementor-toggle-icon-opened\"><i class=\"elementor-toggle-icon-opened fas fa-caret-up\"><\/i><\/span>\n\t\t\t\t\t\t\t\t\t\t\t\t\t<\/span>\n\t\t\t\t\t\t\t\t\t\t\t\t<a href=\"\" class=\"elementor-toggle-title\">Die Pferde<\/a>\n\t\t\t\t\t<\/div>\n\n\t\t\t\t\t<div id=\"elementor-tab-content-6141\" class=\"elementor-tab-content elementor-clearfix\" data-tab=\"1\" role=\"tabpanel\" aria-labelledby=\"elementor-tab-title-6141\"><p>Es gibt sechs Stuten und ein Wallach, alle liebensw\u00fcrdig aber mit sehr unterschiedlichen Pers\u00f6nlichkeiten &#8230; <strong><a href=\"https:\/\/naturahorses.com\/de\/the-horses\/\">Mehr sehen<\/a><\/strong>.<\/p><\/div>\n\t\t\t\t<\/div>\n\t\t\t\t\t\t\t\t<\/div>\n\t\t\t\t<\/div>\n\t\t\t\t<\/div>\n\t\t\t\t\t\t<\/div>\n\t\t\t\t\t<\/div>\n\t\t<\/div>\n\t\t\t\t\t\t\t\t<\/div>\n\t\t\t\t\t<\/div>\n\t\t<\/section>\n\t\t\t\t\t\t\t\t\t<\/div>\n\t\t\t<\/div>\n\t\t\t\t\t<\/div>\n\t\t","protected":false},"excerpt":{"rendered":"<p>Hallo! Ich bin Joana Junkermann. Ich bin seit meinem dritten Lebensjahr in Kontakt mit Pferden und wann immer sich die Chance ergab versuchte ich in ihrer N\u00e4he zu sein. Sp\u00e4ter vertiefte ich mein Wissen \u00fcbers\u00a0 Pferd und \u00fcbers Reiten durch Praktiken, Reitstunden und durchs Arbeiten in einigen Reitzentren in Portugal und Deutschland. Die Absicht war [&hellip;]<\/p>\n","protected":false},"author":1,"featured_media":0,"parent":0,"menu_order":0,"comment_status":"closed","ping_status":"closed","template":"","meta":{"ocean_post_layout":"full-width","ocean_both_sidebars_style":"","ocean_both_sidebars_content_width":0,"ocean_both_sidebars_sidebars_width":0,"ocean_sidebar":"0","ocean_second_sidebar":"0","ocean_disable_margins":"enable","ocean_add_body_class":"","ocean_shortcode_before_top_bar":"","ocean_shortcode_after_top_bar":"","ocean_shortcode_before_header":"","ocean_shortcode_after_header":"","ocean_has_shortcode":"","ocean_shortcode_after_title":"","ocean_shortcode_before_footer_widgets":"","ocean_shortcode_after_footer_widgets":"","ocean_shortcode_before_footer_bottom":"","ocean_shortcode_after_footer_bottom":"","ocean_display_top_bar":"default","ocean_display_header":"default","ocean_header_style":"","ocean_center_header_left_menu":"0","ocean_custom_header_template":"0","ocean_custom_logo":0,"ocean_custom_retina_logo":0,"ocean_custom_logo_max_width":0,"ocean_custom_logo_tablet_max_width":0,"ocean_custom_logo_mobile_max_width":0,"ocean_custom_logo_max_height":0,"ocean_custom_logo_tablet_max_height":0,"ocean_custom_logo_mobile_max_height":0,"ocean_header_custom_menu":"0","ocean_menu_typo_font_family":"0","ocean_menu_typo_font_subset":"","ocean_menu_typo_font_size":0,"ocean_menu_typo_font_size_tablet":0,"ocean_menu_typo_font_size_mobile":0,"ocean_menu_typo_font_size_unit":"px","ocean_menu_typo_font_weight":"","ocean_menu_typo_font_weight_tablet":"","ocean_menu_typo_font_weight_mobile":"","ocean_menu_typo_transform":"","ocean_menu_typo_transform_tablet":"","ocean_menu_typo_transform_mobile":"","ocean_menu_typo_line_height":0,"ocean_menu_typo_line_height_tablet":0,"ocean_menu_typo_line_height_mobile":0,"ocean_menu_typo_line_height_unit":"","ocean_menu_typo_spacing":0,"ocean_menu_typo_spacing_tablet":0,"ocean_menu_typo_spacing_mobile":0,"ocean_menu_typo_spacing_unit":"","ocean_menu_link_color":"","ocean_menu_link_color_hover":"","ocean_menu_link_color_active":"","ocean_menu_link_background":"","ocean_menu_link_hover_background":"","ocean_menu_link_active_background":"","ocean_menu_social_links_bg":"","ocean_menu_social_hover_links_bg":"","ocean_menu_social_links_color":"","ocean_menu_social_hover_links_color":"","ocean_disable_title":"on","ocean_disable_heading":"default","ocean_post_title":"","ocean_post_subheading":"","ocean_post_title_style":"","ocean_post_title_background_color":"","ocean_post_title_background":0,"ocean_post_title_bg_image_position":"","ocean_post_title_bg_image_attachment":"","ocean_post_title_bg_image_repeat":"","ocean_post_title_bg_image_size":"","ocean_post_title_height":0,"ocean_post_title_bg_overlay":0.5,"ocean_post_title_bg_overlay_color":"","ocean_disable_breadcrumbs":"default","ocean_breadcrumbs_color":"","ocean_breadcrumbs_separator_color":"","ocean_breadcrumbs_links_color":"","ocean_breadcrumbs_links_hover_color":"","ocean_display_footer_widgets":"default","ocean_display_footer_bottom":"default","ocean_custom_footer_template":"0","jetpack_post_was_ever_published":false,"_joinchat":[],"footnotes":""},"class_list":["post-406","page","type-page","status-publish","hentry","entry"],"yoast_head":"<!-- This site is optimized with the Yoast SEO plugin v24.3 - https:\/\/yoast.com\/wordpress\/plugins\/seo\/ -->\n<title>\u00dcber Uns - Natura Horses - Vila Nova de Milfontes<\/title>\n<meta name=\"description\" content=\"If you wish to discover a little bit more about the horse and horseback riding this will be a good place for some first learning.\" \/>\n<meta name=\"robots\" content=\"index, follow, max-snippet:-1, max-image-preview:large, max-video-preview:-1\" \/>\n<link rel=\"canonical\" href=\"https:\/\/naturahorses.com\/aboutus\/\" \/>\n<meta property=\"og:locale\" content=\"de_DE\" \/>\n<meta property=\"og:type\" content=\"article\" \/>\n<meta property=\"og:title\" content=\"\u00dcber Uns - Natura Horses - Vila Nova de Milfontes\" \/>\n<meta property=\"og:description\" content=\"If you wish to discover a little bit more about the horse and horseback riding this will be a good place for some first learning.\" \/>\n<meta property=\"og:url\" content=\"https:\/\/naturahorses.com\/aboutus\/\" \/>\n<meta property=\"og:site_name\" content=\"Natura Horses\" \/>\n<meta property=\"article:publisher\" content=\"https:\/\/www.facebook.com\/NaturaHorse-408772812942094\/\" \/>\n<meta property=\"article:modified_time\" content=\"2020-01-15T14:51:16+00:00\" \/>\n<meta property=\"og:image\" content=\"https:\/\/naturahorses.com\/wp-content\/uploads\/2018\/06\/Untitled-11.jpg\" \/>\n<meta name=\"twitter:card\" content=\"summary_large_image\" \/>\n<meta name=\"twitter:label1\" content=\"Gesch\u00e4tzte Lesezeit\" \/>\n\t<meta name=\"twitter:data1\" content=\"7\u00a0Minuten\" \/>\n<script type=\"application\/ld+json\" class=\"yoast-schema-graph\">{\"@context\":\"https:\/\/schema.org\",\"@graph\":[{\"@type\":\"WebPage\",\"@id\":\"https:\/\/naturahorses.com\/aboutus\/\",\"url\":\"https:\/\/naturahorses.com\/aboutus\/\",\"name\":\"\u00dcber Uns - Natura Horses - Vila Nova de Milfontes\",\"isPartOf\":{\"@id\":\"https:\/\/naturahorses.com\/#website\"},\"primaryImageOfPage\":{\"@id\":\"https:\/\/naturahorses.com\/aboutus\/#primaryimage\"},\"image\":{\"@id\":\"https:\/\/naturahorses.com\/aboutus\/#primaryimage\"},\"thumbnailUrl\":\"https:\/\/naturahorses.com\/wp-content\/uploads\/2018\/06\/Untitled-11.jpg\",\"datePublished\":\"2016-09-27T09:51:22+00:00\",\"dateModified\":\"2020-01-15T14:51:16+00:00\",\"description\":\"If you wish to discover a little bit more about the horse and horseback riding this will be a good place for some first learning.\",\"breadcrumb\":{\"@id\":\"https:\/\/naturahorses.com\/aboutus\/#breadcrumb\"},\"inLanguage\":\"de\",\"potentialAction\":[{\"@type\":\"ReadAction\",\"target\":[\"https:\/\/naturahorses.com\/aboutus\/\"]}]},{\"@type\":\"ImageObject\",\"inLanguage\":\"de\",\"@id\":\"https:\/\/naturahorses.com\/aboutus\/#primaryimage\",\"url\":\"https:\/\/naturahorses.com\/wp-content\/uploads\/2018\/06\/Untitled-11.jpg\",\"contentUrl\":\"https:\/\/naturahorses.com\/wp-content\/uploads\/2018\/06\/Untitled-11.jpg\"},{\"@type\":\"BreadcrumbList\",\"@id\":\"https:\/\/naturahorses.com\/aboutus\/#breadcrumb\",\"itemListElement\":[{\"@type\":\"ListItem\",\"position\":1,\"name\":\"Home\",\"item\":\"https:\/\/naturahorses.com\/\"},{\"@type\":\"ListItem\",\"position\":2,\"name\":\"About Us\"}]},{\"@type\":\"WebSite\",\"@id\":\"https:\/\/naturahorses.com\/#website\",\"url\":\"https:\/\/naturahorses.com\/\",\"name\":\"Natura Horse - Passeios a cavalo em Vila Nova de Milfontes and S\u00e3o Luis\",\"description\":\"\u200bActividades a cavalo \u200bno centro do Parque Natural do Sudoeste Alentejano\",\"publisher\":{\"@id\":\"https:\/\/naturahorses.com\/#organization\"},\"potentialAction\":[{\"@type\":\"SearchAction\",\"target\":{\"@type\":\"EntryPoint\",\"urlTemplate\":\"https:\/\/naturahorses.com\/?s={search_term_string}\"},\"query-input\":{\"@type\":\"PropertyValueSpecification\",\"valueRequired\":true,\"valueName\":\"search_term_string\"}}],\"inLanguage\":\"de\"},{\"@type\":\"Organization\",\"@id\":\"https:\/\/naturahorses.com\/#organization\",\"name\":\"Natura Horses\",\"url\":\"https:\/\/naturahorses.com\/\",\"logo\":{\"@type\":\"ImageObject\",\"inLanguage\":\"de\",\"@id\":\"https:\/\/naturahorses.com\/#\/schema\/logo\/image\/\",\"url\":\"https:\/\/i2.wp.com\/naturahorses.com\/wp-content\/uploads\/2018\/06\/Logo.png?fit=512%2C512&ssl=1\",\"contentUrl\":\"https:\/\/i2.wp.com\/naturahorses.com\/wp-content\/uploads\/2018\/06\/Logo.png?fit=512%2C512&ssl=1\",\"width\":512,\"height\":512,\"caption\":\"Natura Horses\"},\"image\":{\"@id\":\"https:\/\/naturahorses.com\/#\/schema\/logo\/image\/\"},\"sameAs\":[\"https:\/\/www.facebook.com\/NaturaHorse-408772812942094\/\"]}]}<\/script>\n<!-- \/ Yoast SEO plugin. -->","yoast_head_json":{"title":"\u00dcber Uns - Natura Horses - Vila Nova de Milfontes","description":"If you wish to discover a little bit more about the horse and horseback riding this will be a good place for some first learning.","robots":{"index":"index","follow":"follow","max-snippet":"max-snippet:-1","max-image-preview":"max-image-preview:large","max-video-preview":"max-video-preview:-1"},"canonical":"https:\/\/naturahorses.com\/aboutus\/","og_locale":"de_DE","og_type":"article","og_title":"\u00dcber Uns - Natura Horses - Vila Nova de Milfontes","og_description":"If you wish to discover a little bit more about the horse and horseback riding this will be a good place for some first learning.","og_url":"https:\/\/naturahorses.com\/aboutus\/","og_site_name":"Natura Horses","article_publisher":"https:\/\/www.facebook.com\/NaturaHorse-408772812942094\/","article_modified_time":"2020-01-15T14:51:16+00:00","og_image":[{"url":"https:\/\/naturahorses.com\/wp-content\/uploads\/2018\/06\/Untitled-11.jpg","type":"","width":"","height":""}],"twitter_card":"summary_large_image","twitter_misc":{"Gesch\u00e4tzte Lesezeit":"7\u00a0Minuten"},"schema":{"@context":"https:\/\/schema.org","@graph":[{"@type":"WebPage","@id":"https:\/\/naturahorses.com\/aboutus\/","url":"https:\/\/naturahorses.com\/aboutus\/","name":"\u00dcber Uns - Natura Horses - Vila Nova de Milfontes","isPartOf":{"@id":"https:\/\/naturahorses.com\/#website"},"primaryImageOfPage":{"@id":"https:\/\/naturahorses.com\/aboutus\/#primaryimage"},"image":{"@id":"https:\/\/naturahorses.com\/aboutus\/#primaryimage"},"thumbnailUrl":"https:\/\/naturahorses.com\/wp-content\/uploads\/2018\/06\/Untitled-11.jpg","datePublished":"2016-09-27T09:51:22+00:00","dateModified":"2020-01-15T14:51:16+00:00","description":"If you wish to discover a little bit more about the horse and horseback riding this will be a good place for some first learning.","breadcrumb":{"@id":"https:\/\/naturahorses.com\/aboutus\/#breadcrumb"},"inLanguage":"de","potentialAction":[{"@type":"ReadAction","target":["https:\/\/naturahorses.com\/aboutus\/"]}]},{"@type":"ImageObject","inLanguage":"de","@id":"https:\/\/naturahorses.com\/aboutus\/#primaryimage","url":"https:\/\/naturahorses.com\/wp-content\/uploads\/2018\/06\/Untitled-11.jpg","contentUrl":"https:\/\/naturahorses.com\/wp-content\/uploads\/2018\/06\/Untitled-11.jpg"},{"@type":"BreadcrumbList","@id":"https:\/\/naturahorses.com\/aboutus\/#breadcrumb","itemListElement":[{"@type":"ListItem","position":1,"name":"Home","item":"https:\/\/naturahorses.com\/"},{"@type":"ListItem","position":2,"name":"About Us"}]},{"@type":"WebSite","@id":"https:\/\/naturahorses.com\/#website","url":"https:\/\/naturahorses.com\/","name":"Natura Horse - Passeios a cavalo em Vila Nova de Milfontes and S\u00e3o Luis","description":"\u200bActividades a cavalo \u200bno centro do Parque Natural do Sudoeste Alentejano","publisher":{"@id":"https:\/\/naturahorses.com\/#organization"},"potentialAction":[{"@type":"SearchAction","target":{"@type":"EntryPoint","urlTemplate":"https:\/\/naturahorses.com\/?s={search_term_string}"},"query-input":{"@type":"PropertyValueSpecification","valueRequired":true,"valueName":"search_term_string"}}],"inLanguage":"de"},{"@type":"Organization","@id":"https:\/\/naturahorses.com\/#organization","name":"Natura Horses","url":"https:\/\/naturahorses.com\/","logo":{"@type":"ImageObject","inLanguage":"de","@id":"https:\/\/naturahorses.com\/#\/schema\/logo\/image\/","url":"https:\/\/i2.wp.com\/naturahorses.com\/wp-content\/uploads\/2018\/06\/Logo.png?fit=512%2C512&ssl=1","contentUrl":"https:\/\/i2.wp.com\/naturahorses.com\/wp-content\/uploads\/2018\/06\/Logo.png?fit=512%2C512&ssl=1","width":512,"height":512,"caption":"Natura Horses"},"image":{"@id":"https:\/\/naturahorses.com\/#\/schema\/logo\/image\/"},"sameAs":["https:\/\/www.facebook.com\/NaturaHorse-408772812942094\/"]}]}},"jetpack_sharing_enabled":true,"jetpack_shortlink":"https:\/\/wp.me\/PafFAF-6y","jetpack-related-posts":[],"_links":{"self":[{"href":"https:\/\/naturahorses.com\/de\/wp-json\/wp\/v2\/pages\/406","targetHints":{"allow":["GET"]}}],"collection":[{"href":"https:\/\/naturahorses.com\/de\/wp-json\/wp\/v2\/pages"}],"about":[{"href":"https:\/\/naturahorses.com\/de\/wp-json\/wp\/v2\/types\/page"}],"author":[{"embeddable":true,"href":"https:\/\/naturahorses.com\/de\/wp-json\/wp\/v2\/users\/1"}],"replies":[{"embeddable":true,"href":"https:\/\/naturahorses.com\/de\/wp-json\/wp\/v2\/comments?post=406"}],"version-history":[{"count":0,"href":"https:\/\/naturahorses.com\/de\/wp-json\/wp\/v2\/pages\/406\/revisions"}],"wp:attachment":[{"href":"https:\/\/naturahorses.com\/de\/wp-json\/wp\/v2\/media?parent=406"}],"curies":[{"name":"wp","href":"https:\/\/api.w.org\/{rel}","templated":true}]}}