{"id":900,"date":"2018-06-12T16:01:21","date_gmt":"2018-06-12T16:01:21","guid":{"rendered":"https:\/\/naturahorses.com\/?page_id=900"},"modified":"2022-03-27T12:15:29","modified_gmt":"2022-03-27T11:15:29","slug":"beginner-class-in-the-arena","status":"publish","type":"page","link":"https:\/\/naturahorses.com\/de\/beginner-class-in-the-arena\/","title":{"rendered":"Anf\u00e4ngerklasse auf dem reitplatz"},"content":{"rendered":"\t\t<div data-elementor-type=\"wp-post\" data-elementor-id=\"900\" class=\"elementor elementor-900\">\n\t\t\t\t\t\t<div class=\"elementor-inner\">\n\t\t\t\t<div class=\"elementor-section-wrap\">\n\t\t\t\t\t\t\t\t\t<section class=\"elementor-section elementor-top-section elementor-element elementor-element-30faed42 elementor-section-height-min-height elementor-section-stretched elementor-section-full_width elementor-section-height-default elementor-section-items-middle\" data-id=\"30faed42\" data-element_type=\"section\" data-settings=\"{&quot;background_background&quot;:&quot;classic&quot;,&quot;stretch_section&quot;:&quot;section-stretched&quot;}\">\n\t\t\t\t\t\t\t<div class=\"elementor-background-overlay\"><\/div>\n\t\t\t\t\t\t\t<div class=\"elementor-container elementor-column-gap-default\">\n\t\t\t\t\t\t\t<div class=\"elementor-row\">\n\t\t\t\t\t<div class=\"elementor-column elementor-col-100 elementor-top-column elementor-element elementor-element-48b1a187\" data-id=\"48b1a187\" data-element_type=\"column\">\n\t\t\t<div class=\"elementor-column-wrap elementor-element-populated\">\n\t\t\t\t\t\t\t<div class=\"elementor-widget-wrap\">\n\t\t\t\t\t\t<div class=\"elementor-element elementor-element-4f2ec5f8 elementor-widget elementor-widget-heading\" data-id=\"4f2ec5f8\" data-element_type=\"widget\" data-widget_type=\"heading.default\">\n\t\t\t\t<div class=\"elementor-widget-container\">\n\t\t\t<h2 class=\"elementor-heading-title elementor-size-default\">Anf\u00e4ngerklasse auf dem reitplatz<\/h2>\t\t<\/div>\n\t\t\t\t<\/div>\n\t\t\t\t\t\t<\/div>\n\t\t\t\t\t<\/div>\n\t\t<\/div>\n\t\t\t\t\t\t\t\t<\/div>\n\t\t\t\t\t<\/div>\n\t\t<\/section>\n\t\t\t\t<section class=\"elementor-section elementor-top-section elementor-element elementor-element-4d6bac3 elementor-section-boxed elementor-section-height-default elementor-section-height-default\" data-id=\"4d6bac3\" data-element_type=\"section\">\n\t\t\t\t\t\t<div class=\"elementor-container elementor-column-gap-default\">\n\t\t\t\t\t\t\t<div class=\"elementor-row\">\n\t\t\t\t\t<div class=\"elementor-column elementor-col-100 elementor-top-column elementor-element elementor-element-87b045a\" data-id=\"87b045a\" data-element_type=\"column\">\n\t\t\t<div class=\"elementor-column-wrap elementor-element-populated\">\n\t\t\t\t\t\t\t<div class=\"elementor-widget-wrap\">\n\t\t\t\t\t\t<div class=\"elementor-element elementor-element-d2d96e3 elementor-widget elementor-widget-heading\" data-id=\"d2d96e3\" data-element_type=\"widget\" data-widget_type=\"heading.default\">\n\t\t\t\t<div class=\"elementor-widget-container\">\n\t\t\t<h2 class=\"elementor-heading-title elementor-size-default\">Wenn Sie ein bisschen mehr \u00fcber Pferde und reiten lerne m\u00f6chten, ist dies ein guter Ort f\u00fcr die ersten Erfahrungen.<\/h2>\t\t<\/div>\n\t\t\t\t<\/div>\n\t\t\t\t<div class=\"elementor-element elementor-element-4870723 elementor-widget-divider--view-line elementor-widget elementor-widget-divider\" data-id=\"4870723\" data-element_type=\"widget\" data-widget_type=\"divider.default\">\n\t\t\t\t<div class=\"elementor-widget-container\">\n\t\t\t\t\t<div class=\"elementor-divider\">\n\t\t\t<span class=\"elementor-divider-separator\">\n\t\t\t\t\t\t<\/span>\n\t\t<\/div>\n\t\t\t\t<\/div>\n\t\t\t\t<\/div>\n\t\t\t\t\t\t<\/div>\n\t\t\t\t\t<\/div>\n\t\t<\/div>\n\t\t\t\t\t\t\t\t<\/div>\n\t\t\t\t\t<\/div>\n\t\t<\/section>\n\t\t\t\t<section class=\"elementor-section elementor-top-section elementor-element elementor-element-75b7a72 elementor-section-boxed elementor-section-height-default elementor-section-height-default\" data-id=\"75b7a72\" data-element_type=\"section\">\n\t\t\t\t\t\t<div class=\"elementor-container elementor-column-gap-default\">\n\t\t\t\t\t\t\t<div class=\"elementor-row\">\n\t\t\t\t\t<div class=\"elementor-column elementor-col-100 elementor-top-column elementor-element elementor-element-cb079d2\" data-id=\"cb079d2\" data-element_type=\"column\">\n\t\t\t<div class=\"elementor-column-wrap elementor-element-populated\">\n\t\t\t\t\t\t\t<div class=\"elementor-widget-wrap\">\n\t\t\t\t\t\t<div class=\"elementor-element elementor-element-ebb9166 elementor-widget elementor-widget-spacer\" data-id=\"ebb9166\" data-element_type=\"widget\" data-widget_type=\"spacer.default\">\n\t\t\t\t<div class=\"elementor-widget-container\">\n\t\t\t\t\t<div class=\"elementor-spacer\">\n\t\t\t<div class=\"elementor-spacer-inner\"><\/div>\n\t\t<\/div>\n\t\t\t\t<\/div>\n\t\t\t\t<\/div>\n\t\t\t\t<div class=\"elementor-element elementor-element-ccb60de elementor-widget elementor-widget-image\" data-id=\"ccb60de\" data-element_type=\"widget\" data-widget_type=\"image.default\">\n\t\t\t\t<div class=\"elementor-widget-container\">\n\t\t\t\t\t\t\t\t<div class=\"elementor-image\">\n\t\t\t\t\t\t\t\t\t\t\t\t<img loading=\"lazy\" decoding=\"async\" data-attachment-id=\"1670\" data-permalink=\"https:\/\/naturahorses.com\/de\/guided-horseback-tour\/price-list\/\" data-orig-file=\"https:\/\/naturahorses.com\/wp-content\/uploads\/2022\/03\/price-list.png\" data-orig-size=\"787,367\" data-comments-opened=\"1\" data-image-meta=\"{&quot;aperture&quot;:&quot;0&quot;,&quot;credit&quot;:&quot;&quot;,&quot;camera&quot;:&quot;&quot;,&quot;caption&quot;:&quot;&quot;,&quot;created_timestamp&quot;:&quot;0&quot;,&quot;copyright&quot;:&quot;&quot;,&quot;focal_length&quot;:&quot;0&quot;,&quot;iso&quot;:&quot;0&quot;,&quot;shutter_speed&quot;:&quot;0&quot;,&quot;title&quot;:&quot;&quot;,&quot;orientation&quot;:&quot;0&quot;}\" data-image-title=\"price list\" data-image-description=\"\" data-image-caption=\"\" data-medium-file=\"https:\/\/naturahorses.com\/wp-content\/uploads\/2022\/03\/price-list-300x140.png\" data-large-file=\"https:\/\/naturahorses.com\/wp-content\/uploads\/2022\/03\/price-list.png\" width=\"787\" height=\"367\" src=\"https:\/\/naturahorses.com\/wp-content\/uploads\/2022\/03\/price-list.png\" class=\"attachment-large size-large wp-image-1670\" alt=\"\" srcset=\"https:\/\/naturahorses.com\/wp-content\/uploads\/2022\/03\/price-list.png 787w, https:\/\/naturahorses.com\/wp-content\/uploads\/2022\/03\/price-list-300x140.png 300w, https:\/\/naturahorses.com\/wp-content\/uploads\/2022\/03\/price-list-768x358.png 768w\" sizes=\"auto, (max-width: 787px) 100vw, 787px\" data-attachment-id=\"1670\" data-permalink=\"https:\/\/naturahorses.com\/de\/guided-horseback-tour\/price-list\/\" data-orig-file=\"https:\/\/naturahorses.com\/wp-content\/uploads\/2022\/03\/price-list.png\" data-orig-size=\"787,367\" data-comments-opened=\"1\" data-image-meta=\"{&quot;aperture&quot;:&quot;0&quot;,&quot;credit&quot;:&quot;&quot;,&quot;camera&quot;:&quot;&quot;,&quot;caption&quot;:&quot;&quot;,&quot;created_timestamp&quot;:&quot;0&quot;,&quot;copyright&quot;:&quot;&quot;,&quot;focal_length&quot;:&quot;0&quot;,&quot;iso&quot;:&quot;0&quot;,&quot;shutter_speed&quot;:&quot;0&quot;,&quot;title&quot;:&quot;&quot;,&quot;orientation&quot;:&quot;0&quot;}\" data-image-title=\"price list\" data-image-description=\"\" data-image-caption=\"\" data-medium-file=\"https:\/\/naturahorses.com\/wp-content\/uploads\/2022\/03\/price-list-300x140.png\" data-large-file=\"https:\/\/naturahorses.com\/wp-content\/uploads\/2022\/03\/price-list.png\" \/>\t\t\t\t\t\t\t\t\t\t\t\t\t\t<\/div>\n\t\t\t\t\t\t<\/div>\n\t\t\t\t<\/div>\n\t\t\t\t<div class=\"elementor-element elementor-element-17e7ef0 elementor-widget elementor-widget-spacer\" data-id=\"17e7ef0\" data-element_type=\"widget\" data-widget_type=\"spacer.default\">\n\t\t\t\t<div class=\"elementor-widget-container\">\n\t\t\t\t\t<div class=\"elementor-spacer\">\n\t\t\t<div class=\"elementor-spacer-inner\"><\/div>\n\t\t<\/div>\n\t\t\t\t<\/div>\n\t\t\t\t<\/div>\n\t\t\t\t<div class=\"elementor-element elementor-element-6cb805ee elementor-align-center elementor-widget elementor-widget-button\" data-id=\"6cb805ee\" data-element_type=\"widget\" data-widget_type=\"button.default\">\n\t\t\t\t<div class=\"elementor-widget-container\">\n\t\t\t\t\t<div class=\"elementor-button-wrapper\">\n\t\t\t<a href=\"\/contact\/\" class=\"elementor-button-link elementor-button elementor-size-sm\" role=\"button\">\n\t\t\t\t\t\t<span class=\"elementor-button-content-wrapper\">\n\t\t\t\t\t\t<span class=\"elementor-button-text\">Buchen Sie jetzt!<\/span>\n\t\t<\/span>\n\t\t\t\t\t<\/a>\n\t\t<\/div>\n\t\t\t\t<\/div>\n\t\t\t\t<\/div>\n\t\t\t\t<div class=\"elementor-element elementor-element-6d9657e elementor-widget elementor-widget-spacer\" data-id=\"6d9657e\" data-element_type=\"widget\" data-widget_type=\"spacer.default\">\n\t\t\t\t<div class=\"elementor-widget-container\">\n\t\t\t\t\t<div class=\"elementor-spacer\">\n\t\t\t<div class=\"elementor-spacer-inner\"><\/div>\n\t\t<\/div>\n\t\t\t\t<\/div>\n\t\t\t\t<\/div>\n\t\t\t\t\t\t<\/div>\n\t\t\t\t\t<\/div>\n\t\t<\/div>\n\t\t\t\t\t\t\t\t<\/div>\n\t\t\t\t\t<\/div>\n\t\t<\/section>\n\t\t\t\t<section class=\"elementor-section elementor-top-section elementor-element elementor-element-1e31950f elementor-section-boxed elementor-section-height-default elementor-section-height-default\" data-id=\"1e31950f\" data-element_type=\"section\" data-settings=\"{&quot;background_background&quot;:&quot;classic&quot;}\">\n\t\t\t\t\t\t<div class=\"elementor-container elementor-column-gap-default\">\n\t\t\t\t\t\t\t<div class=\"elementor-row\">\n\t\t\t\t\t<div class=\"elementor-column elementor-col-100 elementor-top-column elementor-element elementor-element-620c3ab2\" data-id=\"620c3ab2\" data-element_type=\"column\">\n\t\t\t<div class=\"elementor-column-wrap elementor-element-populated\">\n\t\t\t\t\t\t\t<div class=\"elementor-widget-wrap\">\n\t\t\t\t\t\t<div class=\"elementor-element elementor-element-13bab186 elementor-widget elementor-widget-text-editor\" data-id=\"13bab186\" data-element_type=\"widget\" data-widget_type=\"text-editor.default\">\n\t\t\t\t<div class=\"elementor-widget-container\">\n\t\t\t\t\t\t\t\t<div class=\"elementor-text-editor elementor-clearfix\">\n\t\t\t\t<p>Wenn Sie sich darauf freuen, einen ersten oder ersten Kontakt zu diesen Tieren zu haben und die Sch\u00f6nheit des Reitens und der Kommunikation mit ihnen zu sp\u00fcren, k\u00f6nnen Sie sie hier finden.<\/p>\t\t\t\t\t<\/div>\n\t\t\t\t\t\t<\/div>\n\t\t\t\t<\/div>\n\t\t\t\t\t\t<\/div>\n\t\t\t\t\t<\/div>\n\t\t<\/div>\n\t\t\t\t\t\t\t\t<\/div>\n\t\t\t\t\t<\/div>\n\t\t<\/section>\n\t\t\t\t\t\t\t\t\t<\/div>\n\t\t\t<\/div>\n\t\t\t\t\t<\/div>\n\t\t","protected":false},"excerpt":{"rendered":"<p>Anf\u00e4ngerklasse auf dem reitplatz Wenn Sie ein bisschen mehr \u00fcber Pferde und reiten lerne m\u00f6chten, ist dies ein guter Ort f\u00fcr die ersten Erfahrungen. Buchen Sie jetzt! Wenn Sie sich darauf freuen, einen ersten oder ersten Kontakt zu diesen Tieren zu haben und die Sch\u00f6nheit des Reitens und der Kommunikation mit ihnen zu sp\u00fcren, k\u00f6nnen [&hellip;]<\/p>\n","protected":false},"author":1,"featured_media":0,"parent":0,"menu_order":0,"comment_status":"closed","ping_status":"closed","template":"","meta":{"ocean_post_layout":"full-screen","ocean_both_sidebars_style":"","ocean_both_sidebars_content_width":0,"ocean_both_sidebars_sidebars_width":0,"ocean_sidebar":"0","ocean_second_sidebar":"0","ocean_disable_margins":"enable","ocean_add_body_class":"","ocean_shortcode_before_top_bar":"","ocean_shortcode_after_top_bar":"","ocean_shortcode_before_header":"","ocean_shortcode_after_header":"","ocean_has_shortcode":"","ocean_shortcode_after_title":"","ocean_shortcode_before_footer_widgets":"","ocean_shortcode_after_footer_widgets":"","ocean_shortcode_before_footer_bottom":"","ocean_shortcode_after_footer_bottom":"","ocean_display_top_bar":"default","ocean_display_header":"default","ocean_header_style":"","ocean_center_header_left_menu":"0","ocean_custom_header_template":"0","ocean_custom_logo":0,"ocean_custom_retina_logo":0,"ocean_custom_logo_max_width":0,"ocean_custom_logo_tablet_max_width":0,"ocean_custom_logo_mobile_max_width":0,"ocean_custom_logo_max_height":0,"ocean_custom_logo_tablet_max_height":0,"ocean_custom_logo_mobile_max_height":0,"ocean_header_custom_menu":"0","ocean_menu_typo_font_family":"0","ocean_menu_typo_font_subset":"","ocean_menu_typo_font_size":0,"ocean_menu_typo_font_size_tablet":0,"ocean_menu_typo_font_size_mobile":0,"ocean_menu_typo_font_size_unit":"px","ocean_menu_typo_font_weight":"","ocean_menu_typo_font_weight_tablet":"","ocean_menu_typo_font_weight_mobile":"","ocean_menu_typo_transform":"","ocean_menu_typo_transform_tablet":"","ocean_menu_typo_transform_mobile":"","ocean_menu_typo_line_height":0,"ocean_menu_typo_line_height_tablet":0,"ocean_menu_typo_line_height_mobile":0,"ocean_menu_typo_line_height_unit":"","ocean_menu_typo_spacing":0,"ocean_menu_typo_spacing_tablet":0,"ocean_menu_typo_spacing_mobile":0,"ocean_menu_typo_spacing_unit":"","ocean_menu_link_color":"","ocean_menu_link_color_hover":"","ocean_menu_link_color_active":"","ocean_menu_link_background":"","ocean_menu_link_hover_background":"","ocean_menu_link_active_background":"","ocean_menu_social_links_bg":"","ocean_menu_social_hover_links_bg":"","ocean_menu_social_links_color":"","ocean_menu_social_hover_links_color":"","ocean_disable_title":"on","ocean_disable_heading":"default","ocean_post_title":"","ocean_post_subheading":"","ocean_post_title_style":"","ocean_post_title_background_color":"","ocean_post_title_background":0,"ocean_post_title_bg_image_position":"","ocean_post_title_bg_image_attachment":"","ocean_post_title_bg_image_repeat":"","ocean_post_title_bg_image_size":"","ocean_post_title_height":0,"ocean_post_title_bg_overlay":0.5,"ocean_post_title_bg_overlay_color":"","ocean_disable_breadcrumbs":"default","ocean_breadcrumbs_color":"","ocean_breadcrumbs_separator_color":"","ocean_breadcrumbs_links_color":"","ocean_breadcrumbs_links_hover_color":"","ocean_display_footer_widgets":"default","ocean_display_footer_bottom":"default","ocean_custom_footer_template":"0","jetpack_post_was_ever_published":false,"_joinchat":[],"footnotes":""},"class_list":["post-900","page","type-page","status-publish","hentry","entry"],"yoast_head":"<!-- This site is optimized with the Yoast SEO plugin v24.3 - https:\/\/yoast.com\/wordpress\/plugins\/seo\/ -->\n<title>Anf\u00e4ngerklasse auf dem reitplatz - Natura Horses<\/title>\n<meta name=\"description\" content=\"(English) If you wish to discover a little bit more about the horse and horseback riding this will be a good place for some first learning.\" \/>\n<meta name=\"robots\" content=\"index, follow, max-snippet:-1, max-image-preview:large, max-video-preview:-1\" \/>\n<link rel=\"canonical\" href=\"https:\/\/naturahorses.com\/beginner-class-in-the-arena\/\" \/>\n<meta property=\"og:locale\" content=\"de_DE\" \/>\n<meta property=\"og:type\" content=\"article\" \/>\n<meta property=\"og:title\" content=\"Anf\u00e4ngerklasse auf dem reitplatz - Natura Horses\" \/>\n<meta property=\"og:description\" content=\"{:en}If you wish to discover a little bit more about the horse and horseback riding this will be a good place for some first learning.{:}\" \/>\n<meta property=\"og:url\" content=\"https:\/\/naturahorses.com\/beginner-class-in-the-arena\/\" \/>\n<meta property=\"og:site_name\" content=\"Natura Horses\" \/>\n<meta property=\"article:publisher\" content=\"https:\/\/www.facebook.com\/NaturaHorse-408772812942094\/\" \/>\n<meta property=\"article:modified_time\" content=\"2022-03-27T11:15:29+00:00\" \/>\n<meta property=\"og:image\" content=\"https:\/\/naturahorses.com\/wp-content\/uploads\/2022\/03\/price-list.png\" \/>\n<meta name=\"twitter:card\" content=\"summary_large_image\" \/>\n<meta name=\"twitter:label1\" content=\"Gesch\u00e4tzte Lesezeit\" \/>\n\t<meta name=\"twitter:data1\" content=\"1\u00a0Minute\" \/>\n<script type=\"application\/ld+json\" class=\"yoast-schema-graph\">{\"@context\":\"https:\/\/schema.org\",\"@graph\":[{\"@type\":\"WebPage\",\"@id\":\"https:\/\/naturahorses.com\/beginner-class-in-the-arena\/\",\"url\":\"https:\/\/naturahorses.com\/beginner-class-in-the-arena\/\",\"name\":\"Anf\u00e4ngerklasse auf dem reitplatz - Natura Horses\",\"isPartOf\":{\"@id\":\"https:\/\/naturahorses.com\/#website\"},\"primaryImageOfPage\":{\"@id\":\"https:\/\/naturahorses.com\/beginner-class-in-the-arena\/#primaryimage\"},\"image\":{\"@id\":\"https:\/\/naturahorses.com\/beginner-class-in-the-arena\/#primaryimage\"},\"thumbnailUrl\":\"https:\/\/naturahorses.com\/wp-content\/uploads\/2022\/03\/price-list.png\",\"datePublished\":\"2018-06-12T16:01:21+00:00\",\"dateModified\":\"2022-03-27T11:15:29+00:00\",\"description\":\"{:en}If you wish to discover a little bit more about the horse and horseback riding this will be a good place for some first learning.{:}\",\"breadcrumb\":{\"@id\":\"https:\/\/naturahorses.com\/beginner-class-in-the-arena\/#breadcrumb\"},\"inLanguage\":\"de\",\"potentialAction\":[{\"@type\":\"ReadAction\",\"target\":[\"https:\/\/naturahorses.com\/beginner-class-in-the-arena\/\"]}]},{\"@type\":\"ImageObject\",\"inLanguage\":\"de\",\"@id\":\"https:\/\/naturahorses.com\/beginner-class-in-the-arena\/#primaryimage\",\"url\":\"https:\/\/naturahorses.com\/wp-content\/uploads\/2022\/03\/price-list.png\",\"contentUrl\":\"https:\/\/naturahorses.com\/wp-content\/uploads\/2022\/03\/price-list.png\"},{\"@type\":\"BreadcrumbList\",\"@id\":\"https:\/\/naturahorses.com\/beginner-class-in-the-arena\/#breadcrumb\",\"itemListElement\":[{\"@type\":\"ListItem\",\"position\":1,\"name\":\"Home\",\"item\":\"https:\/\/naturahorses.com\/\"},{\"@type\":\"ListItem\",\"position\":2,\"name\":\"[:en]Beginner Class at the Ridingplace[:pt]Aula Iniciantes no Picadeiro[:de]Anf\u00e4ngerklasse auf dem reitplatz[:]\"}]},{\"@type\":\"WebSite\",\"@id\":\"https:\/\/naturahorses.com\/#website\",\"url\":\"https:\/\/naturahorses.com\/\",\"name\":\"Natura Horse - Passeios a cavalo em Vila Nova de Milfontes and S\u00e3o Luis\",\"description\":\"\u200bActividades a cavalo \u200bno centro do Parque Natural do Sudoeste Alentejano\",\"publisher\":{\"@id\":\"https:\/\/naturahorses.com\/#organization\"},\"potentialAction\":[{\"@type\":\"SearchAction\",\"target\":{\"@type\":\"EntryPoint\",\"urlTemplate\":\"https:\/\/naturahorses.com\/?s={search_term_string}\"},\"query-input\":{\"@type\":\"PropertyValueSpecification\",\"valueRequired\":true,\"valueName\":\"search_term_string\"}}],\"inLanguage\":\"de\"},{\"@type\":\"Organization\",\"@id\":\"https:\/\/naturahorses.com\/#organization\",\"name\":\"Natura Horses\",\"url\":\"https:\/\/naturahorses.com\/\",\"logo\":{\"@type\":\"ImageObject\",\"inLanguage\":\"de\",\"@id\":\"https:\/\/naturahorses.com\/#\/schema\/logo\/image\/\",\"url\":\"https:\/\/i2.wp.com\/naturahorses.com\/wp-content\/uploads\/2018\/06\/Logo.png?fit=512%2C512&ssl=1\",\"contentUrl\":\"https:\/\/i2.wp.com\/naturahorses.com\/wp-content\/uploads\/2018\/06\/Logo.png?fit=512%2C512&ssl=1\",\"width\":512,\"height\":512,\"caption\":\"Natura Horses\"},\"image\":{\"@id\":\"https:\/\/naturahorses.com\/#\/schema\/logo\/image\/\"},\"sameAs\":[\"https:\/\/www.facebook.com\/NaturaHorse-408772812942094\/\"]}]}<\/script>\n<!-- \/ Yoast SEO plugin. -->","yoast_head_json":{"title":"Anf\u00e4ngerklasse auf dem reitplatz - Natura Horses","description":"(English) If you wish to discover a little bit more about the horse and horseback riding this will be a good place for some first learning.","robots":{"index":"index","follow":"follow","max-snippet":"max-snippet:-1","max-image-preview":"max-image-preview:large","max-video-preview":"max-video-preview:-1"},"canonical":"https:\/\/naturahorses.com\/beginner-class-in-the-arena\/","og_locale":"de_DE","og_type":"article","og_title":"Anf\u00e4ngerklasse auf dem reitplatz - Natura Horses","og_description":"{:en}If you wish to discover a little bit more about the horse and horseback riding this will be a good place for some first learning.{:}","og_url":"https:\/\/naturahorses.com\/beginner-class-in-the-arena\/","og_site_name":"Natura Horses","article_publisher":"https:\/\/www.facebook.com\/NaturaHorse-408772812942094\/","article_modified_time":"2022-03-27T11:15:29+00:00","og_image":[{"url":"https:\/\/naturahorses.com\/wp-content\/uploads\/2022\/03\/price-list.png","type":"","width":"","height":""}],"twitter_card":"summary_large_image","twitter_misc":{"Gesch\u00e4tzte Lesezeit":"1\u00a0Minute"},"schema":{"@context":"https:\/\/schema.org","@graph":[{"@type":"WebPage","@id":"https:\/\/naturahorses.com\/beginner-class-in-the-arena\/","url":"https:\/\/naturahorses.com\/beginner-class-in-the-arena\/","name":"Anf\u00e4ngerklasse auf dem reitplatz - Natura Horses","isPartOf":{"@id":"https:\/\/naturahorses.com\/#website"},"primaryImageOfPage":{"@id":"https:\/\/naturahorses.com\/beginner-class-in-the-arena\/#primaryimage"},"image":{"@id":"https:\/\/naturahorses.com\/beginner-class-in-the-arena\/#primaryimage"},"thumbnailUrl":"https:\/\/naturahorses.com\/wp-content\/uploads\/2022\/03\/price-list.png","datePublished":"2018-06-12T16:01:21+00:00","dateModified":"2022-03-27T11:15:29+00:00","description":"{:en}If you wish to discover a little bit more about the horse and horseback riding this will be a good place for some first learning.{:}","breadcrumb":{"@id":"https:\/\/naturahorses.com\/beginner-class-in-the-arena\/#breadcrumb"},"inLanguage":"de","potentialAction":[{"@type":"ReadAction","target":["https:\/\/naturahorses.com\/beginner-class-in-the-arena\/"]}]},{"@type":"ImageObject","inLanguage":"de","@id":"https:\/\/naturahorses.com\/beginner-class-in-the-arena\/#primaryimage","url":"https:\/\/naturahorses.com\/wp-content\/uploads\/2022\/03\/price-list.png","contentUrl":"https:\/\/naturahorses.com\/wp-content\/uploads\/2022\/03\/price-list.png"},{"@type":"BreadcrumbList","@id":"https:\/\/naturahorses.com\/beginner-class-in-the-arena\/#breadcrumb","itemListElement":[{"@type":"ListItem","position":1,"name":"Home","item":"https:\/\/naturahorses.com\/"},{"@type":"ListItem","position":2,"name":"[:en]Beginner Class at the Ridingplace[:pt]Aula Iniciantes no Picadeiro[:de]Anf\u00e4ngerklasse auf dem reitplatz[:]"}]},{"@type":"WebSite","@id":"https:\/\/naturahorses.com\/#website","url":"https:\/\/naturahorses.com\/","name":"Natura Horse - Passeios a cavalo em Vila Nova de Milfontes and S\u00e3o Luis","description":"\u200bActividades a cavalo \u200bno centro do Parque Natural do Sudoeste Alentejano","publisher":{"@id":"https:\/\/naturahorses.com\/#organization"},"potentialAction":[{"@type":"SearchAction","target":{"@type":"EntryPoint","urlTemplate":"https:\/\/naturahorses.com\/?s={search_term_string}"},"query-input":{"@type":"PropertyValueSpecification","valueRequired":true,"valueName":"search_term_string"}}],"inLanguage":"de"},{"@type":"Organization","@id":"https:\/\/naturahorses.com\/#organization","name":"Natura Horses","url":"https:\/\/naturahorses.com\/","logo":{"@type":"ImageObject","inLanguage":"de","@id":"https:\/\/naturahorses.com\/#\/schema\/logo\/image\/","url":"https:\/\/i2.wp.com\/naturahorses.com\/wp-content\/uploads\/2018\/06\/Logo.png?fit=512%2C512&ssl=1","contentUrl":"https:\/\/i2.wp.com\/naturahorses.com\/wp-content\/uploads\/2018\/06\/Logo.png?fit=512%2C512&ssl=1","width":512,"height":512,"caption":"Natura Horses"},"image":{"@id":"https:\/\/naturahorses.com\/#\/schema\/logo\/image\/"},"sameAs":["https:\/\/www.facebook.com\/NaturaHorse-408772812942094\/"]}]}},"jetpack_sharing_enabled":true,"jetpack_shortlink":"https:\/\/wp.me\/PafFAF-ew","jetpack-related-posts":[],"_links":{"self":[{"href":"https:\/\/naturahorses.com\/de\/wp-json\/wp\/v2\/pages\/900","targetHints":{"allow":["GET"]}}],"collection":[{"href":"https:\/\/naturahorses.com\/de\/wp-json\/wp\/v2\/pages"}],"about":[{"href":"https:\/\/naturahorses.com\/de\/wp-json\/wp\/v2\/types\/page"}],"author":[{"embeddable":true,"href":"https:\/\/naturahorses.com\/de\/wp-json\/wp\/v2\/users\/1"}],"replies":[{"embeddable":true,"href":"https:\/\/naturahorses.com\/de\/wp-json\/wp\/v2\/comments?post=900"}],"version-history":[{"count":0,"href":"https:\/\/naturahorses.com\/de\/wp-json\/wp\/v2\/pages\/900\/revisions"}],"wp:attachment":[{"href":"https:\/\/naturahorses.com\/de\/wp-json\/wp\/v2\/media?parent=900"}],"curies":[{"name":"wp","href":"https:\/\/api.w.org\/{rel}","templated":true}]}}