{"id":406,"date":"2016-09-27T09:51:22","date_gmt":"2016-09-27T09:51:22","guid":{"rendered":"http:\/\/fitness2.mythemecloud.io\/?page_id=406"},"modified":"2020-01-15T15:51:16","modified_gmt":"2020-01-15T14:51:16","slug":"aboutus","status":"publish","type":"page","link":"https:\/\/naturahorses.com\/pt\/aboutus\/","title":{"rendered":"Sobre N\u00f3s"},"content":{"rendered":"\t\t<div data-elementor-type=\"wp-post\" data-elementor-id=\"406\" class=\"elementor elementor-406\">\n\t\t\t\t\t\t<div class=\"elementor-inner\">\n\t\t\t\t<div class=\"elementor-section-wrap\">\n\t\t\t\t\t\t\t\t\t<section class=\"elementor-section elementor-top-section elementor-element elementor-element-ybrx6zd elementor-section-content-middle elementor-section-boxed elementor-section-height-default elementor-section-height-default\" data-id=\"ybrx6zd\" data-element_type=\"section\">\n\t\t\t\t\t\t<div class=\"elementor-container elementor-column-gap-default\">\n\t\t\t\t\t\t\t<div class=\"elementor-row\">\n\t\t\t\t\t<div class=\"elementor-column elementor-col-50 elementor-top-column elementor-element elementor-element-nm7wyr2\" data-id=\"nm7wyr2\" data-element_type=\"column\">\n\t\t\t<div class=\"elementor-column-wrap elementor-element-populated\">\n\t\t\t\t\t\t\t<div class=\"elementor-widget-wrap\">\n\t\t\t\t\t\t<div class=\"elementor-element elementor-element-shc2be8 elementor-widget elementor-widget-image\" data-id=\"shc2be8\" data-element_type=\"widget\" data-widget_type=\"image.default\">\n\t\t\t\t<div class=\"elementor-widget-container\">\n\t\t\t\t\t\t\t\t<div class=\"elementor-image\">\n\t\t\t\t\t\t\t\t\t\t\t\t<img loading=\"lazy\" decoding=\"async\" data-attachment-id=\"836\" data-permalink=\"https:\/\/naturahorses.com\/pt\/untitled-11\/\" data-orig-file=\"https:\/\/naturahorses.com\/wp-content\/uploads\/2018\/06\/Untitled-11.jpg\" data-orig-size=\"1280,1024\" data-comments-opened=\"1\" data-image-meta=\"{&quot;aperture&quot;:&quot;0&quot;,&quot;credit&quot;:&quot;&quot;,&quot;camera&quot;:&quot;&quot;,&quot;caption&quot;:&quot;&quot;,&quot;created_timestamp&quot;:&quot;0&quot;,&quot;copyright&quot;:&quot;&quot;,&quot;focal_length&quot;:&quot;0&quot;,&quot;iso&quot;:&quot;0&quot;,&quot;shutter_speed&quot;:&quot;0&quot;,&quot;title&quot;:&quot;&quot;,&quot;orientation&quot;:&quot;1&quot;}\" data-image-title=\"cookie and me\" data-image-description=\"\" data-image-caption=\"\" data-medium-file=\"https:\/\/naturahorses.com\/wp-content\/uploads\/2018\/06\/Untitled-11-300x240.jpg\" data-large-file=\"https:\/\/naturahorses.com\/wp-content\/uploads\/2018\/06\/Untitled-11-1024x819.jpg\" width=\"1280\" height=\"1024\" src=\"https:\/\/naturahorses.com\/wp-content\/uploads\/2018\/06\/Untitled-11.jpg\" class=\"attachment-full size-full wp-image-836\" alt=\"\" srcset=\"https:\/\/naturahorses.com\/wp-content\/uploads\/2018\/06\/Untitled-11.jpg 1280w, https:\/\/naturahorses.com\/wp-content\/uploads\/2018\/06\/Untitled-11-300x240.jpg 300w, https:\/\/naturahorses.com\/wp-content\/uploads\/2018\/06\/Untitled-11-768x614.jpg 768w, https:\/\/naturahorses.com\/wp-content\/uploads\/2018\/06\/Untitled-11-1024x819.jpg 1024w\" sizes=\"auto, (max-width: 1280px) 100vw, 1280px\" data-attachment-id=\"836\" data-permalink=\"https:\/\/naturahorses.com\/pt\/untitled-11\/\" data-orig-file=\"https:\/\/naturahorses.com\/wp-content\/uploads\/2018\/06\/Untitled-11.jpg\" data-orig-size=\"1280,1024\" data-comments-opened=\"1\" data-image-meta=\"{&quot;aperture&quot;:&quot;0&quot;,&quot;credit&quot;:&quot;&quot;,&quot;camera&quot;:&quot;&quot;,&quot;caption&quot;:&quot;&quot;,&quot;created_timestamp&quot;:&quot;0&quot;,&quot;copyright&quot;:&quot;&quot;,&quot;focal_length&quot;:&quot;0&quot;,&quot;iso&quot;:&quot;0&quot;,&quot;shutter_speed&quot;:&quot;0&quot;,&quot;title&quot;:&quot;&quot;,&quot;orientation&quot;:&quot;1&quot;}\" data-image-title=\"cookie and me\" data-image-description=\"\" data-image-caption=\"\" data-medium-file=\"https:\/\/naturahorses.com\/wp-content\/uploads\/2018\/06\/Untitled-11-300x240.jpg\" data-large-file=\"https:\/\/naturahorses.com\/wp-content\/uploads\/2018\/06\/Untitled-11-1024x819.jpg\" \/>\t\t\t\t\t\t\t\t\t\t\t\t\t\t<\/div>\n\t\t\t\t\t\t<\/div>\n\t\t\t\t<\/div>\n\t\t\t\t\t\t<\/div>\n\t\t\t\t\t<\/div>\n\t\t<\/div>\n\t\t\t\t<div class=\"elementor-column elementor-col-50 elementor-top-column elementor-element elementor-element-r7gqrhq\" data-id=\"r7gqrhq\" data-element_type=\"column\">\n\t\t\t<div class=\"elementor-column-wrap elementor-element-populated\">\n\t\t\t\t\t\t\t<div class=\"elementor-widget-wrap\">\n\t\t\t\t\t\t<div class=\"elementor-element elementor-element-a3c6726 elementor-widget elementor-widget-text-editor\" data-id=\"a3c6726\" data-element_type=\"widget\" data-widget_type=\"text-editor.default\">\n\t\t\t\t<div class=\"elementor-widget-container\">\n\t\t\t\t\t\t\t\t<div class=\"elementor-text-editor elementor-clearfix\">\n\t\t\t\t<p><\/p><p>Ol\u00e1! Sou a Joana Junkermann.<\/p><div>Tenho contacto com cavalos desde os meus 3 anos, sempre que havia hip\u00f3tese eu procurava estar com estes animais, mais tarde comecei a aprender mais acerca deles e da equita\u00e7\u00e3o tirando aulas, fazendo est\u00e1gios e trabalhando para centros de equita\u00e7\u00e3o em Portugal e na Alemanha.<\/div><div>\u00a0<\/div><div>A inten\u00e7\u00e3o nunca foi procurar as competi\u00e7\u00f5es ou as modalidades mais especificas da equita\u00e7\u00e3o mas sim haver um contacto muito relaxado e agrad\u00e1vel com o cavalo num contexto de passeios pelo campo ou alguns exerc\u00edcios mais l\u00fadicos no picadeiro.<\/div><div>\u00a0<\/div><div>Agora lancei me ao desafio de criar o meu pr\u00f3prio projecto com 7 cavalos todos vindos de situa\u00e7\u00f5es menos dignas apreciando agora a sua nova vida mais tranquila.<\/div><p><\/p>\t\t\t\t\t<\/div>\n\t\t\t\t\t\t<\/div>\n\t\t\t\t<\/div>\n\t\t\t\t\t\t<\/div>\n\t\t\t\t\t<\/div>\n\t\t<\/div>\n\t\t\t\t\t\t\t\t<\/div>\n\t\t\t\t\t<\/div>\n\t\t<\/section>\n\t\t\t\t<section class=\"elementor-section elementor-top-section elementor-element elementor-element-6c4359c6 elementor-section-content-middle elementor-section-boxed elementor-section-height-default elementor-section-height-default\" data-id=\"6c4359c6\" data-element_type=\"section\">\n\t\t\t\t\t\t<div class=\"elementor-container elementor-column-gap-no\">\n\t\t\t\t\t\t\t<div class=\"elementor-row\">\n\t\t\t\t\t<div class=\"elementor-column elementor-col-100 elementor-top-column elementor-element elementor-element-6969ad67\" data-id=\"6969ad67\" data-element_type=\"column\">\n\t\t\t<div class=\"elementor-column-wrap elementor-element-populated\">\n\t\t\t\t\t\t\t<div class=\"elementor-widget-wrap\">\n\t\t\t\t\t\t<div class=\"elementor-element elementor-element-ua4lgrm elementor-widget elementor-widget-heading\" data-id=\"ua4lgrm\" data-element_type=\"widget\" data-widget_type=\"heading.default\">\n\t\t\t\t<div class=\"elementor-widget-container\">\n\t\t\t<h2 class=\"elementor-heading-title elementor-size-default\"><a href=\"http:\/\/naturahorse.pt\/the-concept\/\">Sobre N\u00f3s<\/a><\/h2>\t\t<\/div>\n\t\t\t\t<\/div>\n\t\t\t\t<div class=\"elementor-element elementor-element-6238717d elementor-widget elementor-widget-toggle\" data-id=\"6238717d\" data-element_type=\"widget\" data-widget_type=\"toggle.default\">\n\t\t\t\t<div class=\"elementor-widget-container\">\n\t\t\t\t\t<div class=\"elementor-toggle\" role=\"tablist\">\n\t\t\t\t\t\t\t<div class=\"elementor-toggle-item\">\n\t\t\t\t\t<div id=\"elementor-tab-title-1641\" class=\"elementor-tab-title\" data-tab=\"1\" role=\"tab\" aria-controls=\"elementor-tab-content-1641\" aria-expanded=\"false\">\n\t\t\t\t\t\t\t\t\t\t\t\t<span class=\"elementor-toggle-icon elementor-toggle-icon-right\" aria-hidden=\"true\">\n\t\t\t\t\t\t\t\t\t\t\t\t\t\t\t<span class=\"elementor-toggle-icon-closed\"><i class=\"fas fa-caret-right\"><\/i><\/span>\n\t\t\t\t\t\t\t\t<span class=\"elementor-toggle-icon-opened\"><i class=\"elementor-toggle-icon-opened fas fa-caret-up\"><\/i><\/span>\n\t\t\t\t\t\t\t\t\t\t\t\t\t<\/span>\n\t\t\t\t\t\t\t\t\t\t\t\t<a href=\"\" class=\"elementor-toggle-title\">O conceito<\/a>\n\t\t\t\t\t<\/div>\n\n\t\t\t\t\t<div id=\"elementor-tab-content-1641\" class=\"elementor-tab-content elementor-clearfix\" data-tab=\"1\" role=\"tabpanel\" aria-labelledby=\"elementor-tab-title-1641\"><p class=\"font_7\"><span class=\"color_14\"><\/span>O tipo de trabalho realizado com os cavalos segue a linha pedag\u00f3gica do &#8220;Natural Horsemanship&#8221; que procura uma comunica\u00e7\u00e3o clara e calma, permitindo aos cavalos uma percep\u00e7\u00e3o mais tranquila e evidente acerca do que esperamos deles.<\/p><p>Vai muito ao contr\u00e1rio de um conceito mais tradicional em que a filosofia \u00e9 &#8220;quebrar&#8221; a vontade do animal e torn\u00e1-lo numa esp\u00e9cie de m\u00e1quina de trabalho.<\/p><p>Baseia-se essencialmente em observar o comportamento natural destes animais a aprender atrav\u00e9s deles.\u00a0<\/p><p>Na natureza os cavalos t\u00eam hierarquias estabelecidas, limites definidos e gestos evidentes para se comunicarem, n\u00f3s seres Humanos muitas vezes esperamos do animal que nos estenda mas em primeiro lugar e como principal base tem que haver uma comunica\u00e7\u00e3o m\u00fatua que ambos entendam.<\/p><p>Assim no trabalho com os cavalos \u00e9 essencial criar-se esta base de comunica\u00e7\u00e3o como tamb\u00e9m \u00e9 importante recompensar o seu esfor\u00e7o e respeitar a personalidade inerente a cada um deles.<span class=\"color_14\"><\/span><\/p><p>\u00a0<\/p><\/div>\n\t\t\t\t<\/div>\n\t\t\t\t\t\t\t\t<\/div>\n\t\t\t\t<\/div>\n\t\t\t\t<\/div>\n\t\t\t\t<div class=\"elementor-element elementor-element-7d958ef5 elementor-widget elementor-widget-toggle\" data-id=\"7d958ef5\" data-element_type=\"widget\" data-widget_type=\"toggle.default\">\n\t\t\t\t<div class=\"elementor-widget-container\">\n\t\t\t\t\t<div class=\"elementor-toggle\" role=\"tablist\">\n\t\t\t\t\t\t\t<div class=\"elementor-toggle-item\">\n\t\t\t\t\t<div id=\"elementor-tab-title-2101\" class=\"elementor-tab-title\" data-tab=\"1\" role=\"tab\" aria-controls=\"elementor-tab-content-2101\" aria-expanded=\"false\">\n\t\t\t\t\t\t\t\t\t\t\t\t<span class=\"elementor-toggle-icon elementor-toggle-icon-right\" aria-hidden=\"true\">\n\t\t\t\t\t\t\t\t\t\t\t\t\t\t\t<span class=\"elementor-toggle-icon-closed\"><i class=\"fas fa-caret-right\"><\/i><\/span>\n\t\t\t\t\t\t\t\t<span class=\"elementor-toggle-icon-opened\"><i class=\"elementor-toggle-icon-opened fas fa-caret-up\"><\/i><\/span>\n\t\t\t\t\t\t\t\t\t\t\t\t\t<\/span>\n\t\t\t\t\t\t\t\t\t\t\t\t<a href=\"\" class=\"elementor-toggle-title\">Localiza\u00e7\u00e3o<\/a>\n\t\t\t\t\t<\/div>\n\n\t\t\t\t\t<div id=\"elementor-tab-content-2101\" class=\"elementor-tab-content elementor-clearfix\" data-tab=\"1\" role=\"tabpanel\" aria-labelledby=\"elementor-tab-title-2101\"><p>Estamos Localizados na Quinta da Samoqueirinha, um turismo rural com 22 Hectares entre Vila Nova de Milfontes e S\u00e3o Lu\u00eds. Rodeado por uma bel\u00edssima paisagem entre a serra e o rio no cora\u00e7\u00e3o do parque natural do sudoeste alentejano e costa Vicentina.<\/p><p>Para al\u00e9m dos cavalos este turismo tamb\u00e9m tem uma quinta pedag\u00f3gica com muitos animais. Como tamb\u00e9m disp\u00f5e de 9 quartos e um apartamento.<\/p><p>A quinta oferece imenso espa\u00e7o para os cavalos passarem todo o seu tempo livre nas pastagens em manada.<\/p><p>A dist\u00e2ncia a Vila Nova de Milfontes s\u00e3o 9Km (20minutos de carro) onde tem bel\u00edssimas praias para explorar, gastronomia local e muitas outras actividades.<\/p><p>Os passeios s\u00e3o realizados neste espa\u00e7o e em sem redor consoante a variante e a dura\u00e7\u00e3o sendo poss\u00edvel explorar a flora local e as paisagens rurais do alentejo.<\/p><\/div>\n\t\t\t\t<\/div>\n\t\t\t\t\t\t\t\t<\/div>\n\t\t\t\t<\/div>\n\t\t\t\t<\/div>\n\t\t\t\t<div class=\"elementor-element elementor-element-24a593e7 elementor-widget elementor-widget-toggle\" data-id=\"24a593e7\" data-element_type=\"widget\" data-widget_type=\"toggle.default\">\n\t\t\t\t<div class=\"elementor-widget-container\">\n\t\t\t\t\t<div class=\"elementor-toggle\" role=\"tablist\">\n\t\t\t\t\t\t\t<div class=\"elementor-toggle-item\">\n\t\t\t\t\t<div id=\"elementor-tab-title-6141\" class=\"elementor-tab-title\" data-tab=\"1\" role=\"tab\" aria-controls=\"elementor-tab-content-6141\" aria-expanded=\"false\">\n\t\t\t\t\t\t\t\t\t\t\t\t<span class=\"elementor-toggle-icon elementor-toggle-icon-right\" aria-hidden=\"true\">\n\t\t\t\t\t\t\t\t\t\t\t\t\t\t\t<span class=\"elementor-toggle-icon-closed\"><i class=\"fas fa-caret-right\"><\/i><\/span>\n\t\t\t\t\t\t\t\t<span class=\"elementor-toggle-icon-opened\"><i class=\"elementor-toggle-icon-opened fas fa-caret-up\"><\/i><\/span>\n\t\t\t\t\t\t\t\t\t\t\t\t\t<\/span>\n\t\t\t\t\t\t\t\t\t\t\t\t<a href=\"\" class=\"elementor-toggle-title\">Os cavalos<\/a>\n\t\t\t\t\t<\/div>\n\n\t\t\t\t\t<div id=\"elementor-tab-content-6141\" class=\"elementor-tab-content elementor-clearfix\" data-tab=\"1\" role=\"tabpanel\" aria-labelledby=\"elementor-tab-title-6141\"><p>Existem seis \u00e9guas e um cavalo cada um ador\u00e1vel mas com personalidades muito distintas&#8230; <span style=\"text-decoration: underline;\"><strong><a href=\"https:\/\/naturahorses.com\/pt\/the-horses\/\">Veja mais<\/a><\/strong><\/span>.<\/p><\/div>\n\t\t\t\t<\/div>\n\t\t\t\t\t\t\t\t<\/div>\n\t\t\t\t<\/div>\n\t\t\t\t<\/div>\n\t\t\t\t\t\t<\/div>\n\t\t\t\t\t<\/div>\n\t\t<\/div>\n\t\t\t\t\t\t\t\t<\/div>\n\t\t\t\t\t<\/div>\n\t\t<\/section>\n\t\t\t\t\t\t\t\t\t<\/div>\n\t\t\t<\/div>\n\t\t\t\t\t<\/div>\n\t\t","protected":false},"excerpt":{"rendered":"<p>Ol\u00e1! Sou a Joana Junkermann. Tenho contacto com cavalos desde os meus 3 anos, sempre que havia hip\u00f3tese eu procurava estar com estes animais, mais tarde comecei a aprender mais acerca deles e da equita\u00e7\u00e3o tirando aulas, fazendo est\u00e1gios e trabalhando para centros de equita\u00e7\u00e3o em Portugal e na Alemanha.\u00a0A inten\u00e7\u00e3o nunca foi procurar as [&hellip;]<\/p>\n","protected":false},"author":1,"featured_media":0,"parent":0,"menu_order":0,"comment_status":"closed","ping_status":"closed","template":"","meta":{"ocean_post_layout":"full-width","ocean_both_sidebars_style":"","ocean_both_sidebars_content_width":0,"ocean_both_sidebars_sidebars_width":0,"ocean_sidebar":"0","ocean_second_sidebar":"0","ocean_disable_margins":"enable","ocean_add_body_class":"","ocean_shortcode_before_top_bar":"","ocean_shortcode_after_top_bar":"","ocean_shortcode_before_header":"","ocean_shortcode_after_header":"","ocean_has_shortcode":"","ocean_shortcode_after_title":"","ocean_shortcode_before_footer_widgets":"","ocean_shortcode_after_footer_widgets":"","ocean_shortcode_before_footer_bottom":"","ocean_shortcode_after_footer_bottom":"","ocean_display_top_bar":"default","ocean_display_header":"default","ocean_header_style":"","ocean_center_header_left_menu":"0","ocean_custom_header_template":"0","ocean_custom_logo":0,"ocean_custom_retina_logo":0,"ocean_custom_logo_max_width":0,"ocean_custom_logo_tablet_max_width":0,"ocean_custom_logo_mobile_max_width":0,"ocean_custom_logo_max_height":0,"ocean_custom_logo_tablet_max_height":0,"ocean_custom_logo_mobile_max_height":0,"ocean_header_custom_menu":"0","ocean_menu_typo_font_family":"0","ocean_menu_typo_font_subset":"","ocean_menu_typo_font_size":0,"ocean_menu_typo_font_size_tablet":0,"ocean_menu_typo_font_size_mobile":0,"ocean_menu_typo_font_size_unit":"px","ocean_menu_typo_font_weight":"","ocean_menu_typo_font_weight_tablet":"","ocean_menu_typo_font_weight_mobile":"","ocean_menu_typo_transform":"","ocean_menu_typo_transform_tablet":"","ocean_menu_typo_transform_mobile":"","ocean_menu_typo_line_height":0,"ocean_menu_typo_line_height_tablet":0,"ocean_menu_typo_line_height_mobile":0,"ocean_menu_typo_line_height_unit":"","ocean_menu_typo_spacing":0,"ocean_menu_typo_spacing_tablet":0,"ocean_menu_typo_spacing_mobile":0,"ocean_menu_typo_spacing_unit":"","ocean_menu_link_color":"","ocean_menu_link_color_hover":"","ocean_menu_link_color_active":"","ocean_menu_link_background":"","ocean_menu_link_hover_background":"","ocean_menu_link_active_background":"","ocean_menu_social_links_bg":"","ocean_menu_social_hover_links_bg":"","ocean_menu_social_links_color":"","ocean_menu_social_hover_links_color":"","ocean_disable_title":"on","ocean_disable_heading":"default","ocean_post_title":"","ocean_post_subheading":"","ocean_post_title_style":"","ocean_post_title_background_color":"","ocean_post_title_background":0,"ocean_post_title_bg_image_position":"","ocean_post_title_bg_image_attachment":"","ocean_post_title_bg_image_repeat":"","ocean_post_title_bg_image_size":"","ocean_post_title_height":0,"ocean_post_title_bg_overlay":0.5,"ocean_post_title_bg_overlay_color":"","ocean_disable_breadcrumbs":"default","ocean_breadcrumbs_color":"","ocean_breadcrumbs_separator_color":"","ocean_breadcrumbs_links_color":"","ocean_breadcrumbs_links_hover_color":"","ocean_display_footer_widgets":"default","ocean_display_footer_bottom":"default","ocean_custom_footer_template":"0","jetpack_post_was_ever_published":false,"_joinchat":[],"footnotes":""},"class_list":["post-406","page","type-page","status-publish","hentry","entry"],"yoast_head":"<!-- This site is optimized with the Yoast SEO plugin v24.3 - https:\/\/yoast.com\/wordpress\/plugins\/seo\/ -->\n<title>Sobre N\u00f3s - Natura Horses - Vila Nova de Milfontes<\/title>\n<meta name=\"description\" content=\"If you wish to discover a little bit more about the horse and horseback riding this will be a good place for some first learning.\" \/>\n<meta name=\"robots\" content=\"index, follow, max-snippet:-1, max-image-preview:large, max-video-preview:-1\" \/>\n<link rel=\"canonical\" href=\"https:\/\/naturahorses.com\/aboutus\/\" \/>\n<meta property=\"og:locale\" content=\"pt_PT\" \/>\n<meta property=\"og:type\" content=\"article\" \/>\n<meta property=\"og:title\" content=\"Sobre N\u00f3s - Natura Horses - Vila Nova de Milfontes\" \/>\n<meta property=\"og:description\" content=\"If you wish to discover a little bit more about the horse and horseback riding this will be a good place for some first learning.\" \/>\n<meta property=\"og:url\" content=\"https:\/\/naturahorses.com\/aboutus\/\" \/>\n<meta property=\"og:site_name\" content=\"Natura Horses\" \/>\n<meta property=\"article:publisher\" content=\"https:\/\/www.facebook.com\/NaturaHorse-408772812942094\/\" \/>\n<meta property=\"article:modified_time\" content=\"2020-01-15T14:51:16+00:00\" \/>\n<meta property=\"og:image\" content=\"https:\/\/naturahorses.com\/wp-content\/uploads\/2018\/06\/Untitled-11.jpg\" \/>\n<meta name=\"twitter:card\" content=\"summary_large_image\" \/>\n<meta name=\"twitter:label1\" content=\"Tempo estimado de leitura\" \/>\n\t<meta name=\"twitter:data1\" content=\"7 minutos\" \/>\n<script type=\"application\/ld+json\" class=\"yoast-schema-graph\">{\"@context\":\"https:\/\/schema.org\",\"@graph\":[{\"@type\":\"WebPage\",\"@id\":\"https:\/\/naturahorses.com\/aboutus\/\",\"url\":\"https:\/\/naturahorses.com\/aboutus\/\",\"name\":\"Sobre N\u00f3s - Natura Horses - Vila Nova de Milfontes\",\"isPartOf\":{\"@id\":\"https:\/\/naturahorses.com\/#website\"},\"primaryImageOfPage\":{\"@id\":\"https:\/\/naturahorses.com\/aboutus\/#primaryimage\"},\"image\":{\"@id\":\"https:\/\/naturahorses.com\/aboutus\/#primaryimage\"},\"thumbnailUrl\":\"https:\/\/naturahorses.com\/wp-content\/uploads\/2018\/06\/Untitled-11.jpg\",\"datePublished\":\"2016-09-27T09:51:22+00:00\",\"dateModified\":\"2020-01-15T14:51:16+00:00\",\"description\":\"If you wish to discover a little bit more about the horse and horseback riding this will be a good place for some first learning.\",\"breadcrumb\":{\"@id\":\"https:\/\/naturahorses.com\/aboutus\/#breadcrumb\"},\"inLanguage\":\"pt-PT\",\"potentialAction\":[{\"@type\":\"ReadAction\",\"target\":[\"https:\/\/naturahorses.com\/aboutus\/\"]}]},{\"@type\":\"ImageObject\",\"inLanguage\":\"pt-PT\",\"@id\":\"https:\/\/naturahorses.com\/aboutus\/#primaryimage\",\"url\":\"https:\/\/naturahorses.com\/wp-content\/uploads\/2018\/06\/Untitled-11.jpg\",\"contentUrl\":\"https:\/\/naturahorses.com\/wp-content\/uploads\/2018\/06\/Untitled-11.jpg\"},{\"@type\":\"BreadcrumbList\",\"@id\":\"https:\/\/naturahorses.com\/aboutus\/#breadcrumb\",\"itemListElement\":[{\"@type\":\"ListItem\",\"position\":1,\"name\":\"Home\",\"item\":\"https:\/\/naturahorses.com\/\"},{\"@type\":\"ListItem\",\"position\":2,\"name\":\"About Us\"}]},{\"@type\":\"WebSite\",\"@id\":\"https:\/\/naturahorses.com\/#website\",\"url\":\"https:\/\/naturahorses.com\/\",\"name\":\"Natura Horse - Passeios a cavalo em Vila Nova de Milfontes and S\u00e3o Luis\",\"description\":\"\u200bActividades a cavalo \u200bno centro do Parque Natural do Sudoeste Alentejano\",\"publisher\":{\"@id\":\"https:\/\/naturahorses.com\/#organization\"},\"potentialAction\":[{\"@type\":\"SearchAction\",\"target\":{\"@type\":\"EntryPoint\",\"urlTemplate\":\"https:\/\/naturahorses.com\/?s={search_term_string}\"},\"query-input\":{\"@type\":\"PropertyValueSpecification\",\"valueRequired\":true,\"valueName\":\"search_term_string\"}}],\"inLanguage\":\"pt-PT\"},{\"@type\":\"Organization\",\"@id\":\"https:\/\/naturahorses.com\/#organization\",\"name\":\"Natura Horses\",\"url\":\"https:\/\/naturahorses.com\/\",\"logo\":{\"@type\":\"ImageObject\",\"inLanguage\":\"pt-PT\",\"@id\":\"https:\/\/naturahorses.com\/#\/schema\/logo\/image\/\",\"url\":\"https:\/\/i2.wp.com\/naturahorses.com\/wp-content\/uploads\/2018\/06\/Logo.png?fit=512%2C512&ssl=1\",\"contentUrl\":\"https:\/\/i2.wp.com\/naturahorses.com\/wp-content\/uploads\/2018\/06\/Logo.png?fit=512%2C512&ssl=1\",\"width\":512,\"height\":512,\"caption\":\"Natura Horses\"},\"image\":{\"@id\":\"https:\/\/naturahorses.com\/#\/schema\/logo\/image\/\"},\"sameAs\":[\"https:\/\/www.facebook.com\/NaturaHorse-408772812942094\/\"]}]}<\/script>\n<!-- \/ Yoast SEO plugin. -->","yoast_head_json":{"title":"Sobre N\u00f3s - Natura Horses - Vila Nova de Milfontes","description":"If you wish to discover a little bit more about the horse and horseback riding this will be a good place for some first learning.","robots":{"index":"index","follow":"follow","max-snippet":"max-snippet:-1","max-image-preview":"max-image-preview:large","max-video-preview":"max-video-preview:-1"},"canonical":"https:\/\/naturahorses.com\/aboutus\/","og_locale":"pt_PT","og_type":"article","og_title":"Sobre N\u00f3s - Natura Horses - Vila Nova de Milfontes","og_description":"If you wish to discover a little bit more about the horse and horseback riding this will be a good place for some first learning.","og_url":"https:\/\/naturahorses.com\/aboutus\/","og_site_name":"Natura Horses","article_publisher":"https:\/\/www.facebook.com\/NaturaHorse-408772812942094\/","article_modified_time":"2020-01-15T14:51:16+00:00","og_image":[{"url":"https:\/\/naturahorses.com\/wp-content\/uploads\/2018\/06\/Untitled-11.jpg","type":"","width":"","height":""}],"twitter_card":"summary_large_image","twitter_misc":{"Tempo estimado de leitura":"7 minutos"},"schema":{"@context":"https:\/\/schema.org","@graph":[{"@type":"WebPage","@id":"https:\/\/naturahorses.com\/aboutus\/","url":"https:\/\/naturahorses.com\/aboutus\/","name":"Sobre N\u00f3s - Natura Horses - Vila Nova de Milfontes","isPartOf":{"@id":"https:\/\/naturahorses.com\/#website"},"primaryImageOfPage":{"@id":"https:\/\/naturahorses.com\/aboutus\/#primaryimage"},"image":{"@id":"https:\/\/naturahorses.com\/aboutus\/#primaryimage"},"thumbnailUrl":"https:\/\/naturahorses.com\/wp-content\/uploads\/2018\/06\/Untitled-11.jpg","datePublished":"2016-09-27T09:51:22+00:00","dateModified":"2020-01-15T14:51:16+00:00","description":"If you wish to discover a little bit more about the horse and horseback riding this will be a good place for some first learning.","breadcrumb":{"@id":"https:\/\/naturahorses.com\/aboutus\/#breadcrumb"},"inLanguage":"pt-PT","potentialAction":[{"@type":"ReadAction","target":["https:\/\/naturahorses.com\/aboutus\/"]}]},{"@type":"ImageObject","inLanguage":"pt-PT","@id":"https:\/\/naturahorses.com\/aboutus\/#primaryimage","url":"https:\/\/naturahorses.com\/wp-content\/uploads\/2018\/06\/Untitled-11.jpg","contentUrl":"https:\/\/naturahorses.com\/wp-content\/uploads\/2018\/06\/Untitled-11.jpg"},{"@type":"BreadcrumbList","@id":"https:\/\/naturahorses.com\/aboutus\/#breadcrumb","itemListElement":[{"@type":"ListItem","position":1,"name":"Home","item":"https:\/\/naturahorses.com\/"},{"@type":"ListItem","position":2,"name":"About Us"}]},{"@type":"WebSite","@id":"https:\/\/naturahorses.com\/#website","url":"https:\/\/naturahorses.com\/","name":"Natura Horse - Passeios a cavalo em Vila Nova de Milfontes and S\u00e3o Luis","description":"\u200bActividades a cavalo \u200bno centro do Parque Natural do Sudoeste Alentejano","publisher":{"@id":"https:\/\/naturahorses.com\/#organization"},"potentialAction":[{"@type":"SearchAction","target":{"@type":"EntryPoint","urlTemplate":"https:\/\/naturahorses.com\/?s={search_term_string}"},"query-input":{"@type":"PropertyValueSpecification","valueRequired":true,"valueName":"search_term_string"}}],"inLanguage":"pt-PT"},{"@type":"Organization","@id":"https:\/\/naturahorses.com\/#organization","name":"Natura Horses","url":"https:\/\/naturahorses.com\/","logo":{"@type":"ImageObject","inLanguage":"pt-PT","@id":"https:\/\/naturahorses.com\/#\/schema\/logo\/image\/","url":"https:\/\/i2.wp.com\/naturahorses.com\/wp-content\/uploads\/2018\/06\/Logo.png?fit=512%2C512&ssl=1","contentUrl":"https:\/\/i2.wp.com\/naturahorses.com\/wp-content\/uploads\/2018\/06\/Logo.png?fit=512%2C512&ssl=1","width":512,"height":512,"caption":"Natura Horses"},"image":{"@id":"https:\/\/naturahorses.com\/#\/schema\/logo\/image\/"},"sameAs":["https:\/\/www.facebook.com\/NaturaHorse-408772812942094\/"]}]}},"jetpack_sharing_enabled":true,"jetpack_shortlink":"https:\/\/wp.me\/PafFAF-6y","jetpack-related-posts":[],"_links":{"self":[{"href":"https:\/\/naturahorses.com\/pt\/wp-json\/wp\/v2\/pages\/406","targetHints":{"allow":["GET"]}}],"collection":[{"href":"https:\/\/naturahorses.com\/pt\/wp-json\/wp\/v2\/pages"}],"about":[{"href":"https:\/\/naturahorses.com\/pt\/wp-json\/wp\/v2\/types\/page"}],"author":[{"embeddable":true,"href":"https:\/\/naturahorses.com\/pt\/wp-json\/wp\/v2\/users\/1"}],"replies":[{"embeddable":true,"href":"https:\/\/naturahorses.com\/pt\/wp-json\/wp\/v2\/comments?post=406"}],"version-history":[{"count":0,"href":"https:\/\/naturahorses.com\/pt\/wp-json\/wp\/v2\/pages\/406\/revisions"}],"wp:attachment":[{"href":"https:\/\/naturahorses.com\/pt\/wp-json\/wp\/v2\/media?parent=406"}],"curies":[{"name":"wp","href":"https:\/\/api.w.org\/{rel}","templated":true}]}}